{"id":7142,"date":"2015-11-17T16:12:20","date_gmt":"2015-11-17T15:12:20","guid":{"rendered":"http:\/\/futsalcup.es\/?page_id=7142"},"modified":"2016-01-14T11:02:47","modified_gmt":"2016-01-14T10:02:47","slug":"inscripcion-semana-santa","status":"publish","type":"page","link":"https:\/\/futsalcup.es\/en\/inscripcion-semana-santa\/","title":{"rendered":"Registration Easter"},"content":{"rendered":"<p>[vc_row][vc_column width=&#8221;1\/2&#8243;][vc_column_text h1_css=&#8221;{.vc_customizer_1452603859503}&#8221; h2_css=&#8221;{.vc_customizer_1452603859505}&#8221; h3_css=&#8221;{.vc_customizer_1452603859507}&#8221; h4_css=&#8221;{.vc_customizer_1452603859509}&#8221; h5_css=&#8221;{.vc_customizer_1452603859511}&#8221; h6_css=&#8221;{.vc_customizer_1452603859513}&#8221; p_css=&#8221;{.vc_customizer_1452603859515}&#8221; link_css=&#8221;{.vc_customizer_1452603859516}&#8221; list_css=&#8221;{.vc_customizer_1452603859518}&#8221;]<\/p>\n<h3>DATES:<\/h3>\n<ul>\n<li>The teams must complete and send your resume pre-registration before <strong>February 1st<\/strong> by web.<\/li>\n<li>Once we receive the pre-registration form we will send you the document wich certifies your participation, together with a registration form that details other aspects such as the number of registered participants.<\/li>\n<li>Before the 1st February each team must transfer <strong>250\u20ac<\/strong> for the inscription in the tournament. This amount consists of a registration fee of 150\u20ac and 100\u20ac deposit of the participation fee (wich varies depending on the chosen accommodation characteristics and the number of registered participants)<\/li>\n<li>The rest of the payments will need to be transferred before <strong>1st February<\/strong> to this bank account: <strong>LA CAIXA: ES19 2100 6168 0102 0005 2755<\/strong><\/li>\n<li>Teams who do not follow the established deadlines will be excluded from the tournament. In this case, the registration fee will not be refunded.<\/li>\n<li>Cancellations will be accepted with full refund of the amount paid to players who prove unable to attend the tournament ( force majeure ) with deadline of <strong>March 1st<\/strong>.<\/li>\n<\/ul>\n<h3>PRICES INCLUDE (PARTICIPANTS):<\/h3>\n<ul>\n<li>A present of Futsal Cup 2016<\/li>\n<li>Oficial Team Photograph \u201cFutsal Cup 2016\u201d<\/li>\n<li>Medical first-aid service and transfer to hospital<\/li>\n<li>Medals for all participants<\/li>\n<li>Entrance to the Futsal Cup party. (drag for t-shirts, balls, inflatables, many surprises)<\/li>\n<li>Leaders dinner (two representatives by club)<\/li>\n<li>Water during games<\/li>\n<li>Free ticket to the water park<\/li>\n<li>Closing ceremony and awards ceremony<\/li>\n<\/ul>\n<h3>PRICES INCLUDE (ACCOMPANYING):<\/h3>\n<ul>\n<li>Free admission to al games<\/li>\n<li>A present of Futsal Cup 2016<\/li>\n<li>Entrance to the Futsal Cup party. (drag for t-shirts, balls, in atables, many surprises)<\/li>\n<li>Special prices to water park<\/li>\n<li>Entrance to the closing ceremony and awards ceremony.<\/li>\n<\/ul>\n<h3>FEES:<\/h3>\n<p><strong>PRICES\u2028 3 DAYS\/2 NIGHTS <\/strong><\/p>\n<ul>\n<li>Participantes <strong>175\u20ac <\/strong>APTOS. MULTISERVICIO<br \/>\n(4-5-6 PAX.)<strong>\u00a0<\/strong><\/li>\n<li>PARTICIPANTS* <strong>195\u20ac<\/strong><\/li>\n<li>ACCOMPANYINGS* <strong>175\u20ac<\/strong><\/li>\n<li>SINGLE ROOM SUPPLEMENT <strong>80\u20ac<\/strong><\/li>\n<li>SUPPLEMENT EXTRA NIGHT <strong>70\u20ac<\/strong><\/li>\n<li>Children aged 0 &#8211; 2 years <strong>FREE<\/strong><\/li>\n<li>Accompanying children aged 3-10 (sharing room with 2 adults) <strong>50%<\/strong><\/li>\n<\/ul>\n<p style=\"color: #971402;\">*PRICE FB = Price person\u2028full board.<\/p>\n<p>[\/vc_column_text][\/vc_column][vc_column width=&#8221;1\/2&#8243;][vc_column_text h1_css=&#8221;{.vc_customizer_1452765764271}&#8221; h2_css=&#8221;{.vc_customizer_1452765764272}&#8221; h3_css=&#8221;{.vc_customizer_1452765764273}&#8221; h4_css=&#8221;{.vc_customizer_1452765764274}&#8221; h5_css=&#8221;{.vc_customizer_1452765764275}&#8221; h6_css=&#8221;{.vc_customizer_1452765764275}&#8221; p_css=&#8221;{.vc_customizer_1452765764276}&#8221; link_css=&#8221;{.vc_customizer_1452765764276}&#8221; list_css=&#8221;{.vc_customizer_1452765764277}&#8221;]<\/p>\n<h3 style=\"text-align: left;\">REGISTRATION FORM<\/h3>\n<p>[\/vc_column_text]\n<div class=\"wpcf7 no-js\" id=\"wpcf7-f7268-o2\" lang=\"es-ES\" dir=\"ltr\" data-wpcf7-id=\"7268\">\n<div class=\"screen-reader-response\"><p role=\"status\" aria-live=\"polite\" aria-atomic=\"true\"><\/p> <ul><\/ul><\/div>\n<form action=\"\/en\/wp-json\/wp\/v2\/pages\/7142#wpcf7-f7268-o2\" method=\"post\" class=\"wpcf7-form init\" aria-label=\"Formulario de contacto\" novalidate=\"novalidate\" data-status=\"init\">\n<fieldset class=\"hidden-fields-container\"><input type=\"hidden\" name=\"_wpcf7\" value=\"7268\" \/><input type=\"hidden\" name=\"_wpcf7_version\" value=\"6.1.3\" \/><input type=\"hidden\" name=\"_wpcf7_locale\" value=\"es_ES\" \/><input type=\"hidden\" name=\"_wpcf7_unit_tag\" value=\"wpcf7-f7268-o2\" \/><input type=\"hidden\" name=\"_wpcf7_container_post\" value=\"0\" \/><input type=\"hidden\" name=\"_wpcf7_posted_data_hash\" value=\"\" \/>\n<\/fieldset>\n\n<p><strong>Category<\/strong><span style=\"margin-left: 20px;\"> <span class=\"wpcf7-form-control-wrap\" data-name=\"categorias\"><select class=\"wpcf7-form-control wpcf7-select wpcf7-validates-as-required categoria\" aria-required=\"true\" aria-invalid=\"false\" name=\"categorias\"><option value=\"U8-U7\">U8-U7<\/option><option value=\"U10-U9\">U10-U9<\/option><option value=\"U12-U11\">U12-U11<\/option><option value=\"U14-U13\">U14-U13<\/option><option value=\"U16-U15\">U16-U15<\/option><option value=\"U19-U17\">U19-U17<\/option><option value=\"Women\">Women<\/option><option value=\"Senior\">Senior<\/option><\/select><\/span><\/span>\n<\/p>\n<p>Name of Team <strong style=\"color: #971402;\">*<\/strong><\/\n<\/p>\n<p><span class=\"wpcf7-form-control-wrap\" data-name=\"nombre-equipo\"><input size=\"70\" maxlength=\"400\" class=\"wpcf7-form-control wpcf7-text wpcf7-validates-as-required inscripcion\" aria-required=\"true\" aria-invalid=\"false\" value=\"\" type=\"text\" name=\"nombre-equipo\" \/><\/span>\n<\/p>\n<p>Name of Head <strong style=\"color: #971402;\">*<\/strong><span style=\"margin-left: 235px;\">N\u00ba Participants <strong style=\"color: #971402;\">*<\/strong><\/span>\n<\/p>\n<p><span class=\"wpcf7-form-control-wrap\" data-name=\"nombre-responsable\"><input size=\"50\" maxlength=\"400\" class=\"wpcf7-form-control wpcf7-text wpcf7-validates-as-required inscripcion\" aria-required=\"true\" aria-invalid=\"false\" value=\"\" type=\"text\" name=\"nombre-responsable\" \/><\/span><span class=\"wpcf7-form-control-wrap\" data-name=\"num-participamtes\"><input size=\"17\" maxlength=\"400\" class=\"wpcf7-form-control wpcf7-text wpcf7-validates-as-required inscripcion\" aria-required=\"true\" aria-invalid=\"false\" value=\"\" type=\"text\" name=\"num-participamtes\" \/><\/span>\n<\/p>\n<p>Contact Address <strong style=\"color: #971402;\">*<\/strong>\n<\/p>\n<p><span class=\"wpcf7-form-control-wrap\" data-name=\"direccion\"><input size=\"70\" maxlength=\"400\" class=\"wpcf7-form-control wpcf7-text wpcf7-validates-as-required inscripcion\" aria-required=\"true\" aria-invalid=\"false\" value=\"\" type=\"text\" name=\"direccion\" \/><\/span>\n<\/p>\n<p>Postal Code <span style=\"margin-left: 45px;\"> City<strong style=\"color: #971402;\">*<\/strong><\/span>\n<\/p>\n<p><span class=\"wpcf7-form-control-wrap\" data-name=\"cp\"><input size=\"15\" maxlength=\"400\" class=\"wpcf7-form-control wpcf7-text inscripcion\" aria-invalid=\"false\" value=\"\" type=\"text\" name=\"cp\" \/><\/span><span class=\"wpcf7-form-control-wrap\" data-name=\"localidad\"><input size=\"52\" maxlength=\"400\" class=\"wpcf7-form-control wpcf7-text wpcf7-validates-as-required inscripcion\" aria-required=\"true\" aria-invalid=\"false\" value=\"\" type=\"text\" name=\"localidad\" \/><\/span>\n<\/p>\n<p>Country<strong style=\"color: #971402;\">*<\/strong>\n<\/p>\n<p><span class=\"wpcf7-form-control-wrap\" data-name=\"provincia\"><input size=\"40\" maxlength=\"400\" class=\"wpcf7-form-control wpcf7-text wpcf7-validates-as-required inscripcion\" aria-required=\"true\" aria-invalid=\"false\" value=\"\" type=\"text\" name=\"provincia\" \/><\/span>\n<\/p>\n<p>Telephone<strong style=\"color: #971402;\">*<\/strong><span style=\"margin-left: 50px;\"> Email <strong style=\"color: #971402;\">*<\/strong><\/span>\n<\/p>\n<p><span class=\"wpcf7-form-control-wrap\" data-name=\"telefono\"><input size=\"15\" maxlength=\"400\" class=\"wpcf7-form-control wpcf7-tel wpcf7-validates-as-required wpcf7-text wpcf7-validates-as-tel inscripcion\" aria-required=\"true\" aria-invalid=\"false\" value=\"\" type=\"tel\" name=\"telefono\" \/><\/span><span class=\"wpcf7-form-control-wrap\" data-name=\"email\"><input size=\"52\" maxlength=\"400\" class=\"wpcf7-form-control wpcf7-email wpcf7-validates-as-required wpcf7-text wpcf7-validates-as-email inscripcion\" aria-required=\"true\" aria-invalid=\"false\" value=\"\" type=\"email\" name=\"email\" \/><\/span>\n<\/p>\n<p>Observations\n<\/p>\n<p><span class=\"wpcf7-form-control-wrap\" data-name=\"observaciones\"><textarea cols=\"69\" rows=\"10\" maxlength=\"2000\" class=\"wpcf7-form-control wpcf7-textarea inscripcion\" aria-invalid=\"false\" name=\"observaciones\"><\/textarea><\/span>\n<\/p>\n<p>I accept the conditions and <a href=\"http:\/\/futsalcup.es\/en\/derechos-de-imagen-y-proteccion-de-datos\/\" target=\"_blank\">image rights <\/a><span class=\"wpcf7-form-control-wrap\" data-name=\"Aceptacin\"><span class=\"wpcf7-form-control wpcf7-acceptance\"><span class=\"wpcf7-list-item\"><input type=\"checkbox\" name=\"Aceptacin\" value=\"1\" aria-invalid=\"false\" \/><\/span><\/span><\/span>\n<\/p>\n<p><input type=\"hidden\" name=\"_wpcf7_captcha_challenge_captcha\" value=\"4072212039\" \/><img loading=\"lazy\" decoding=\"async\" class=\"wpcf7-form-control wpcf7-captchac wpcf7-captcha-captcha\" width=\"60\" height=\"20\" alt=\"captcha\" src=\"https:\/\/futsalcup.es\/wp-content\/uploads\/wpcf7_captcha\/4072212039.png\" \/><br \/>\n<span class=\"wpcf7-form-control-wrap\" data-name=\"captcha\"><input size=\"40\" class=\"wpcf7-form-control wpcf7-captchar inscripcion\" autocomplete=\"off\" aria-invalid=\"false\" value=\"\" type=\"text\" name=\"captcha\" \/><\/span><span style=\"margin-left:10px;\"><input class=\"wpcf7-form-control wpcf7-submit has-spinner\" type=\"submit\" value=\"Send request\" \/><\/span>\n<\/p>\n<p style=\"color: #971402;\"><strong>* Required fields<\/strong>\n<\/p>\n<p>Upon receipt of the registration application, we will contact the team leader for the rest of the documentation required for participation in the tournament.\n<\/p><div class=\"wpcf7-response-output\" aria-hidden=\"true\"><\/div>\n<\/form>\n<\/div>\n[\/vc_column][\/vc_row][vc_column width=&#8221;1\/2&#8243;][vc_column_text h1_css=&#8221;{.vc_customizer_1426164715326}&#8221; h2_css=&#8221;{.vc_customizer_1426164715337}&#8221; h3_css=&#8221;{.vc_customizer_1426164715338}&#8221; h4_css=&#8221;{.vc_customizer_1426164715338}&#8221; h5_css=&#8221;{.vc_customizer_1426164715339}&#8221; h6_css=&#8221;{.vc_customizer_1426164715339}&#8221; p_css=&#8221;{.vc_customizer_1426164715340}&#8221; link_css=&#8221;{.vc_customizer_1426164715340}&#8221; list_css=&#8221;{.vc_customizer_1426164715341}&#8221;]<\/p>\n<h3 style=\"text-align: left;\">FORMULARIO DE INSCRIPCI\u00d3N<\/h3>\n<p>[\/vc_column_text]\n<div class=\"wpcf7 no-js\" id=\"wpcf7-f7141-o3\" lang=\"es-ES\" dir=\"ltr\" data-wpcf7-id=\"7141\">\n<div class=\"screen-reader-response\"><p role=\"status\" aria-live=\"polite\" aria-atomic=\"true\"><\/p> <ul><\/ul><\/div>\n<form action=\"\/en\/wp-json\/wp\/v2\/pages\/7142#wpcf7-f7141-o3\" method=\"post\" class=\"wpcf7-form init\" aria-label=\"Formulario de contacto\" novalidate=\"novalidate\" data-status=\"init\">\n<fieldset class=\"hidden-fields-container\"><input type=\"hidden\" name=\"_wpcf7\" value=\"7141\" \/><input type=\"hidden\" name=\"_wpcf7_version\" value=\"6.1.3\" \/><input type=\"hidden\" name=\"_wpcf7_locale\" value=\"es_ES\" \/><input type=\"hidden\" name=\"_wpcf7_unit_tag\" value=\"wpcf7-f7141-o3\" \/><input type=\"hidden\" name=\"_wpcf7_container_post\" value=\"0\" \/><input type=\"hidden\" name=\"_wpcf7_posted_data_hash\" value=\"\" \/>\n<\/fieldset>\n\n<p><strong>Categoria<\/strong><span style=\"margin-left: 20px;\"> <span class=\"wpcf7-form-control-wrap\" data-name=\"categorias\"><select class=\"wpcf7-form-control wpcf7-select wpcf7-validates-as-required categoria\" aria-required=\"true\" aria-invalid=\"false\" name=\"categorias\"><option value=\"Pre Benjam\u00edn\">Pre Benjam\u00edn<\/option><option value=\"Benjam\u00edn\">Benjam\u00edn<\/option><option value=\"Alev\u00edn\">Alev\u00edn<\/option><option value=\"Infantil\">Infantil<\/option><option value=\"Cadete\">Cadete<\/option><option value=\"Juvenil\">Juvenil<\/option><option value=\"Femenino\">Femenino<\/option><option value=\"Senior Masculino\">Senior Masculino<\/option><\/select><\/span><\/span>\n<\/p>\n<p>Nombre del equipo <strong style=\"color: #971402;\">*<\/strong><\/\n<\/p>\n<p><span class=\"wpcf7-form-control-wrap\" data-name=\"nombre-equipo\"><input size=\"70\" maxlength=\"400\" class=\"wpcf7-form-control wpcf7-text wpcf7-validates-as-required inscripcion\" aria-required=\"true\" aria-invalid=\"false\" value=\"\" type=\"text\" name=\"nombre-equipo\" \/><\/span>\n<\/p>\n<p>Nombre del responsable <strong style=\"color: #971402;\">*<\/strong><span style=\"margin-left: 170px;\">N\u00ba Participantes <strong style=\"color: #971402;\">*<\/strong><\/span>\n<\/p>\n<p><span class=\"wpcf7-form-control-wrap\" data-name=\"nombre-responsable\"><input size=\"50\" maxlength=\"400\" class=\"wpcf7-form-control wpcf7-text wpcf7-validates-as-required inscripcion\" aria-required=\"true\" aria-invalid=\"false\" value=\"\" type=\"text\" name=\"nombre-responsable\" \/><\/span><span class=\"wpcf7-form-control-wrap\" data-name=\"num-participamtes\"><input size=\"17\" maxlength=\"400\" class=\"wpcf7-form-control wpcf7-text wpcf7-validates-as-required inscripcion\" aria-required=\"true\" aria-invalid=\"false\" value=\"\" type=\"text\" name=\"num-participamtes\" \/><\/span>\n<\/p>\n<p>Direcci\u00f3n de contacto <strong style=\"color: #971402;\">*<\/strong>\n<\/p>\n<p><span class=\"wpcf7-form-control-wrap\" data-name=\"direccion\"><input size=\"70\" maxlength=\"400\" class=\"wpcf7-form-control wpcf7-text wpcf7-validates-as-required inscripcion\" aria-required=\"true\" aria-invalid=\"false\" value=\"\" type=\"text\" name=\"direccion\" \/><\/span>\n<\/p>\n<p>CP <span style=\"margin-left: 95px;\"> Localidad <strong style=\"color: #971402;\">*<\/strong><\/span>\n<\/p>\n<p><span class=\"wpcf7-form-control-wrap\" data-name=\"cp\"><input size=\"15\" maxlength=\"400\" class=\"wpcf7-form-control wpcf7-text inscripcion\" aria-invalid=\"false\" value=\"\" type=\"text\" name=\"cp\" \/><\/span><span class=\"wpcf7-form-control-wrap\" data-name=\"localidad\"><input size=\"52\" maxlength=\"400\" class=\"wpcf7-form-control wpcf7-text wpcf7-validates-as-required inscripcion\" aria-required=\"true\" aria-invalid=\"false\" value=\"\" type=\"text\" name=\"localidad\" \/><\/span>\n<\/p>\n<p>Provincia <strong style=\"color: #971402;\">*<\/strong>\n<\/p>\n<p><span class=\"wpcf7-form-control-wrap\" data-name=\"provincia\"><input size=\"40\" maxlength=\"400\" class=\"wpcf7-form-control wpcf7-text wpcf7-validates-as-required inscripcion\" aria-required=\"true\" aria-invalid=\"false\" value=\"\" type=\"text\" name=\"provincia\" \/><\/span>\n<\/p>\n<p>Tel\u00e9fono <strong style=\"color: #971402;\">*<\/strong><span style=\"margin-left: 50px;\"> Email de contacto <strong style=\"color: #971402;\">*<\/strong><\/span>\n<\/p>\n<p><span class=\"wpcf7-form-control-wrap\" data-name=\"telefono\"><input size=\"15\" maxlength=\"400\" class=\"wpcf7-form-control wpcf7-tel wpcf7-validates-as-required wpcf7-text wpcf7-validates-as-tel inscripcion\" aria-required=\"true\" aria-invalid=\"false\" value=\"\" type=\"tel\" name=\"telefono\" \/><\/span><span class=\"wpcf7-form-control-wrap\" data-name=\"email\"><input size=\"52\" maxlength=\"400\" class=\"wpcf7-form-control wpcf7-email wpcf7-validates-as-required wpcf7-text wpcf7-validates-as-email inscripcion\" aria-required=\"true\" aria-invalid=\"false\" value=\"\" type=\"email\" name=\"email\" \/><\/span>\n<\/p>\n<p>Observaciones\n<\/p>\n<p><span class=\"wpcf7-form-control-wrap\" data-name=\"observaciones\"><textarea cols=\"69\" rows=\"10\" maxlength=\"2000\" class=\"wpcf7-form-control wpcf7-textarea inscripcion\" aria-invalid=\"false\" name=\"observaciones\"><\/textarea><\/span>\n<\/p>\n<p>Acepto las condiciones y <a href=\"http:\/\/futsalcup.es\/derechos-de-imagen-y-proteccion-de-datos\/\" target=\"_blank\">derechos de imagen <\/a><span class=\"wpcf7-form-control-wrap\" data-name=\"Aceptacin\"><span class=\"wpcf7-form-control wpcf7-acceptance\"><span class=\"wpcf7-list-item\"><input type=\"checkbox\" name=\"Aceptacin\" value=\"1\" aria-invalid=\"false\" \/><\/span><\/span><\/span>\n<\/p>\n<p><input type=\"hidden\" name=\"_wpcf7_captcha_challenge_captcha\" value=\"108669631\" \/><img loading=\"lazy\" decoding=\"async\" class=\"wpcf7-form-control wpcf7-captchac wpcf7-captcha-captcha\" width=\"60\" height=\"20\" alt=\"captcha\" src=\"https:\/\/futsalcup.es\/wp-content\/uploads\/wpcf7_captcha\/108669631.png\" \/><br \/>\n<span class=\"wpcf7-form-control-wrap\" data-name=\"captcha\"><input size=\"40\" class=\"wpcf7-form-control wpcf7-captchar inscripcion\" autocomplete=\"off\" aria-invalid=\"false\" value=\"\" type=\"text\" name=\"captcha\" \/><\/span><span style=\"margin-left:10px;\"><input class=\"wpcf7-form-control wpcf7-submit has-spinner\" type=\"submit\" value=\"Enviar Solicitud\" \/><\/span>\n<\/p>\n<p style=\"color: #971402;\"><strong>* Campos obligatorios<\/strong>\n<\/p>\n<p>Una vez recibida la solicitud de inscripci\u00f3n, nos pondremos en contacto con el RESPONSABLE DEL EQUIPO para obtener el resto de documentaci\u00f3n necesaria para la participaci\u00f3n en el torneo.\n<\/p><div class=\"wpcf7-response-output\" aria-hidden=\"true\"><\/div>\n<\/form>\n<\/div>\n[\/vc_column]<\/p>\n<!-- AddThis Advanced Settings generic via filter on the_content --><!-- AddThis Share Buttons generic via filter on the_content -->","protected":false},"excerpt":{"rendered":"<p>[vc_row][vc_column width=&#8221;1\/2&#8243;][vc_column_text h1_css=&#8221;{.vc_customizer_1452603859503}&#8221; h2_css=&#8221;{.vc_customizer_1452603859505}&#8221; h3_css=&#8221;{.vc_customizer_1452603859507}&#8221; h4_css=&#8221;{.vc_customizer_1452603859509}&#8221; h5_css=&#8221;{.vc_customizer_1452603859511}&#8221; h6_css=&#8221;{.vc_customizer_1452603859513}&#8221; p_css=&#8221;{.vc_customizer_1452603859515}&#8221; link_css=&#8221;{.vc_customizer_1452603859516}&#8221; list_css=&#8221;{.vc_customizer_1452603859518}&#8221;] DATES: The teams must complete and send your resume<!-- AddThis Advanced Settings generic via filter on get_the_excerpt --><!-- AddThis Share Buttons generic via filter on get_the_excerpt --><\/p>\n","protected":false},"author":1,"featured_media":0,"parent":0,"menu_order":0,"comment_status":"closed","ping_status":"open","template":"","meta":{"footnotes":""},"class_list":["post-7142","page","type-page","status-publish","hentry"],"_links":{"self":[{"href":"https:\/\/futsalcup.es\/en\/wp-json\/wp\/v2\/pages\/7142","targetHints":{"allow":["GET"]}}],"collection":[{"href":"https:\/\/futsalcup.es\/en\/wp-json\/wp\/v2\/pages"}],"about":[{"href":"https:\/\/futsalcup.es\/en\/wp-json\/wp\/v2\/types\/page"}],"author":[{"embeddable":true,"href":"https:\/\/futsalcup.es\/en\/wp-json\/wp\/v2\/users\/1"}],"replies":[{"embeddable":true,"href":"https:\/\/futsalcup.es\/en\/wp-json\/wp\/v2\/comments?post=7142"}],"version-history":[{"count":10,"href":"https:\/\/futsalcup.es\/en\/wp-json\/wp\/v2\/pages\/7142\/revisions"}],"predecessor-version":[{"id":7273,"href":"https:\/\/futsalcup.es\/en\/wp-json\/wp\/v2\/pages\/7142\/revisions\/7273"}],"wp:attachment":[{"href":"https:\/\/futsalcup.es\/en\/wp-json\/wp\/v2\/media?parent=7142"}],"curies":[{"name":"wp","href":"https:\/\/api.w.org\/{rel}","templated":true}]}}